{"id":1936,"date":"2025-01-31T20:55:22","date_gmt":"2025-02-01T01:55:22","guid":{"rendered":"https:\/\/studioshagsalon.com\/?page_id=1936"},"modified":"2025-10-28T11:10:01","modified_gmt":"2025-10-28T15:10:01","slug":"booking","status":"publish","type":"page","link":"https:\/\/studioshagsalon.com\/es\/booking\/","title":{"rendered":"Reserva"},"content":{"rendered":"<div data-elementor-type=\"wp-page\" data-elementor-id=\"1936\" class=\"elementor elementor-1936\" data-elementor-post-type=\"page\">\n\t\t\t\t\t\t<section class=\"elementor-section elementor-top-section elementor-element elementor-element-4e2ee9f4 elementor-section-boxed elementor-section-height-default elementor-section-height-default\" data-id=\"4e2ee9f4\" data-element_type=\"section\" data-e-type=\"section\" data-settings=\"{&quot;background_background&quot;:&quot;classic&quot;}\">\n\t\t\t\t\t\t<div class=\"elementor-container elementor-column-gap-default\">\n\t\t\t\t\t<div class=\"elementor-column elementor-col-100 elementor-top-column elementor-element elementor-element-48847163\" data-id=\"48847163\" data-element_type=\"column\" data-e-type=\"column\">\n\t\t\t<div class=\"elementor-widget-wrap elementor-element-populated\">\n\t\t\t\t\t\t<div class=\"elementor-element elementor-element-37c36c76 elementor-widget__width-initial elementor-absolute elementor-widget-tablet__width-initial elementor-widget-mobile__width-initial elementor-invisible elementor-widget elementor-widget-image\" data-id=\"37c36c76\" data-element_type=\"widget\" data-e-type=\"widget\" data-settings=\"{&quot;_position&quot;:&quot;absolute&quot;,&quot;_animation&quot;:&quot;zoomIn&quot;,&quot;_animation_delay&quot;:&quot;300&quot;}\" data-widget_type=\"image.default\">\n\t\t\t\t<div class=\"elementor-widget-container\">\n\t\t\t\t\t\t\t\t\t\t\t\t\t\t\t<img fetchpriority=\"high\" decoding=\"async\" width=\"448\" height=\"191\" src=\"https:\/\/studioshagsalon.com\/wp-content\/uploads\/2025\/01\/wave-line.png\" class=\"attachment-large size-large wp-image-1248\" alt=\"\" srcset=\"https:\/\/studioshagsalon.com\/wp-content\/uploads\/2025\/01\/wave-line.png 448w, https:\/\/studioshagsalon.com\/wp-content\/uploads\/2025\/01\/wave-line-300x128.png 300w\" sizes=\"(max-width: 448px) 100vw, 448px\" \/>\t\t\t\t\t\t\t\t\t\t\t\t\t\t\t<\/div>\n\t\t\t\t<\/div>\n\t\t\t\t<div class=\"elementor-element elementor-element-7643dd4c elementor-invisible elementor-widget elementor-widget-heading\" data-id=\"7643dd4c\" data-element_type=\"widget\" data-e-type=\"widget\" data-settings=\"{&quot;_animation&quot;:&quot;fadeInDown&quot;,&quot;_animation_delay&quot;:&quot;100&quot;}\" data-widget_type=\"heading.default\">\n\t\t\t\t<div class=\"elementor-widget-container\">\n\t\t\t\t\t<h1 class=\"elementor-heading-title elementor-size-default\">Reservar cita<\/h1>\t\t\t\t<\/div>\n\t\t\t\t<\/div>\n\t\t\t\t<div class=\"elementor-element elementor-element-1b9d4f64 elementor-invisible elementor-widget elementor-widget-text-editor\" data-id=\"1b9d4f64\" data-element_type=\"widget\" data-e-type=\"widget\" data-settings=\"{&quot;_animation&quot;:&quot;fadeInUp&quot;,&quot;_animation_delay&quot;:&quot;100&quot;}\" data-widget_type=\"text-editor.default\">\n\t\t\t\t<div class=\"elementor-widget-container\">\n\t\t\t\t\t\t\t\t\t<p>En Studio Shag Salon &amp; Boutique, aqu\u00ed puedes reservar tu cita, con cualquiera de nuestros estilistas.\u00a0<\/p>\t\t\t\t\t\t\t\t<\/div>\n\t\t\t\t<\/div>\n\t\t\t\t\t<\/div>\n\t\t<\/div>\n\t\t\t\t\t<\/div>\n\t\t<\/section>\n\t\t<div class=\"elementor-element elementor-element-cb86947 e-con-full e-flex e-con e-parent\" data-id=\"cb86947\" data-element_type=\"container\" data-e-type=\"container\">\n\t\t<div class=\"elementor-element elementor-element-8717f9a e-con-full e-flex e-con e-child\" data-id=\"8717f9a\" data-element_type=\"container\" data-e-type=\"container\">\n\t\t\t\t<div class=\"elementor-element elementor-element-fc4bd4a ekit-equal-height-enable elementor-widget elementor-widget-elementskit-image-box\" data-id=\"fc4bd4a\" data-element_type=\"widget\" data-e-type=\"widget\" data-widget_type=\"elementskit-image-box.default\">\n\t\t\t\t<div class=\"elementor-widget-container\">\n\t\t\t\t\t<div class=\"ekit-wid-con\" >\n            <div class=\"elementskit-info-image-box ekit-image-box text-left simple-card\" >\n\n                \n                <div class=\"elementskit-box-header image-box-img-left\">\n\n                    <img decoding=\"async\" width=\"1075\" height=\"914\" src=\"https:\/\/studioshagsalon.com\/wp-content\/uploads\/2025\/02\/1.png\" class=\"attachment-full size-full wp-image-2210\" alt=\"\" srcset=\"https:\/\/studioshagsalon.com\/wp-content\/uploads\/2025\/02\/1.png 1075w, https:\/\/studioshagsalon.com\/wp-content\/uploads\/2025\/02\/1-300x255.png 300w, https:\/\/studioshagsalon.com\/wp-content\/uploads\/2025\/02\/1-1024x871.png 1024w, https:\/\/studioshagsalon.com\/wp-content\/uploads\/2025\/02\/1-768x653.png 768w, https:\/\/studioshagsalon.com\/wp-content\/uploads\/2025\/02\/1-14x12.png 14w\" sizes=\"(max-width: 1075px) 100vw, 1075px\" \/>\n                <\/div>\n                \n                <div class=\"elementskit-box-body ekit-image-box-body\">\n                    <div class=\"elementskit-box-content ekit-image-box-body-inner\">\n                                                <h3 class=\"elementskit-info-box-title\">\n\n                        Brittnay Gonz\u00e1lez \n                        \n                    <\/h3>\n                                                            <div class=\"elementskit-box-style-content\">\n                        Es propietaria de Studio Shag Salon, formadora certificada, estilista y esteticista experta. Aporta a\u00f1os de experiencia en belleza y educaci\u00f3n para brindar servicios de primer nivel a sus clientes.                    <\/div>\n                                    <\/div>\n\n                                <div class=\"elementskit-box-footer\">\n                    <div class=\"box-footer\">\n                        <div class=\"btn-wraper\">\n                                                            <a href=\"https:\/\/hair-by-brittnay.square.site\/\" class=\"elementskit-btn whitespace--normal\">\n                                    \n                                    \n                                    Reservar Brittnay                                <\/a>\n                                                        <\/div>\n                    <\/div>\n                <\/div>\n                            <\/div>\n            <\/div>\n    <\/div>\t\t\t\t<\/div>\n\t\t\t\t<\/div>\n\t\t\t\t<\/div>\n\t\t<div class=\"elementor-element elementor-element-9cf097e e-con-full e-flex e-con e-child\" data-id=\"9cf097e\" data-element_type=\"container\" data-e-type=\"container\">\n\t\t\t\t<div class=\"elementor-element elementor-element-40d4d42 ekit-equal-height-enable elementor-widget elementor-widget-elementskit-image-box\" data-id=\"40d4d42\" data-element_type=\"widget\" data-e-type=\"widget\" data-widget_type=\"elementskit-image-box.default\">\n\t\t\t\t<div class=\"elementor-widget-container\">\n\t\t\t\t\t<div class=\"ekit-wid-con\" >\n            <div class=\"elementskit-info-image-box ekit-image-box text-left simple-card\" >\n\n                \n                <div class=\"elementskit-box-header image-box-img-left\">\n\n                    <img decoding=\"async\" width=\"1075\" height=\"924\" src=\"https:\/\/studioshagsalon.com\/wp-content\/uploads\/2025\/02\/3.png\" class=\"attachment-full size-full wp-image-2212\" alt=\"\" srcset=\"https:\/\/studioshagsalon.com\/wp-content\/uploads\/2025\/02\/3.png 1075w, https:\/\/studioshagsalon.com\/wp-content\/uploads\/2025\/02\/3-300x258.png 300w, https:\/\/studioshagsalon.com\/wp-content\/uploads\/2025\/02\/3-1024x880.png 1024w, https:\/\/studioshagsalon.com\/wp-content\/uploads\/2025\/02\/3-768x660.png 768w, https:\/\/studioshagsalon.com\/wp-content\/uploads\/2025\/02\/3-14x12.png 14w\" sizes=\"(max-width: 1075px) 100vw, 1075px\" \/>\n                <\/div>\n                \n                <div class=\"elementskit-box-body ekit-image-box-body\">\n                    <div class=\"elementskit-box-content ekit-image-box-body-inner\">\n                                                <h3 class=\"elementskit-info-box-title\">\n\n                        Campos de Kaylene\n                        \n                    <\/h3>\n                                                            <div class=\"elementskit-box-style-content\">\n                        Con tres a\u00f1os de experiencia en la industria del cabello, Kaylene Fields es una estilista apasionada en Studio Shag Salon, especializada en rubios. Ya sea que sue\u00f1es con reflejos bronceados,\n                    <\/div>\n                                    <\/div>\n\n                                <div class=\"elementskit-box-footer\">\n                    <div class=\"box-footer\">\n                        <div class=\"btn-wraper\">\n                                                            <a href=\"https:\/\/hair-by-kaylene-studio-shag.square.site\/\" class=\"elementskit-btn whitespace--normal\">\n                                    \n                                    \n                                    Reservar Kaylene                                <\/a>\n                                                        <\/div>\n                    <\/div>\n                <\/div>\n                            <\/div>\n            <\/div>\n    <\/div>\t\t\t\t<\/div>\n\t\t\t\t<\/div>\n\t\t\t\t<\/div>\n\t\t<div class=\"elementor-element elementor-element-931af6b e-con-full e-flex e-con e-child\" data-id=\"931af6b\" data-element_type=\"container\" data-e-type=\"container\">\n\t\t\t\t<div class=\"elementor-element elementor-element-5f2d084 ekit-equal-height-enable elementor-widget elementor-widget-elementskit-image-box\" data-id=\"5f2d084\" data-element_type=\"widget\" data-e-type=\"widget\" data-widget_type=\"elementskit-image-box.default\">\n\t\t\t\t<div class=\"elementor-widget-container\">\n\t\t\t\t\t<div class=\"ekit-wid-con\" >\n            <div class=\"elementskit-info-image-box ekit-image-box text-left simple-card\" >\n\n                \n                <div class=\"elementskit-box-header image-box-img-left\">\n\n                    <img loading=\"lazy\" decoding=\"async\" width=\"1076\" height=\"917\" src=\"https:\/\/studioshagsalon.com\/wp-content\/uploads\/2025\/02\/2.png\" class=\"attachment-full size-full wp-image-2211\" alt=\"\" srcset=\"https:\/\/studioshagsalon.com\/wp-content\/uploads\/2025\/02\/2.png 1076w, https:\/\/studioshagsalon.com\/wp-content\/uploads\/2025\/02\/2-300x256.png 300w, https:\/\/studioshagsalon.com\/wp-content\/uploads\/2025\/02\/2-1024x873.png 1024w, https:\/\/studioshagsalon.com\/wp-content\/uploads\/2025\/02\/2-768x655.png 768w, https:\/\/studioshagsalon.com\/wp-content\/uploads\/2025\/02\/2-14x12.png 14w\" sizes=\"(max-width: 1076px) 100vw, 1076px\" \/>\n                <\/div>\n                \n                <div class=\"elementskit-box-body ekit-image-box-body\">\n                    <div class=\"elementskit-box-content ekit-image-box-body-inner\">\n                                                <h3 class=\"elementskit-info-box-title\">\n\n                        Izzy largo\n                        \n                    <\/h3>\n                                                            <div class=\"elementskit-box-style-content\">\n                        Con cinco a\u00f1os de experiencia, Izzy Long es una cosmet\u00f3loga experta en Studio Shag Salon, especializada en cortes de precisi\u00f3n y coloraci\u00f3n para hombres y mujeres. Ya sea que est\u00e9s buscando un nuevo corte de cabello o una transformaci\u00f3n de color audaz.                    <\/div>\n                                    <\/div>\n\n                                <div class=\"elementskit-box-footer\">\n                    <div class=\"box-footer\">\n                        <div class=\"btn-wraper\">\n                                                            <a href=\"http:\/\/izzy-100711.square.site\/\" class=\"elementskit-btn whitespace--normal\">\n                                    \n                                    \n                                    Reservar Izzy                                <\/a>\n                                                        <\/div>\n                    <\/div>\n                <\/div>\n                            <\/div>\n            <\/div>\n    <\/div>\t\t\t\t<\/div>\n\t\t\t\t<\/div>\n\t\t\t\t<\/div>\n\t\t\t\t<\/div>\n\t\t<div class=\"elementor-element elementor-element-9a27217 e-con-full e-flex e-con e-parent\" data-id=\"9a27217\" data-element_type=\"container\" data-e-type=\"container\">\n\t\t<div class=\"elementor-element elementor-element-63a9f58 e-con-full e-flex e-con e-child\" data-id=\"63a9f58\" data-element_type=\"container\" data-e-type=\"container\">\n\t\t\t\t<div class=\"elementor-element elementor-element-dec8aa4 ekit-equal-height-enable elementor-widget elementor-widget-elementskit-image-box\" data-id=\"dec8aa4\" data-element_type=\"widget\" data-e-type=\"widget\" data-widget_type=\"elementskit-image-box.default\">\n\t\t\t\t<div class=\"elementor-widget-container\">\n\t\t\t\t\t<div class=\"ekit-wid-con\" >\n            <div class=\"elementskit-info-image-box ekit-image-box text-left simple-card\" >\n\n                \n                <div class=\"elementskit-box-header image-box-img-left\">\n\n                    <img loading=\"lazy\" decoding=\"async\" width=\"966\" height=\"831\" src=\"https:\/\/studioshagsalon.com\/wp-content\/uploads\/2025\/10\/Unknown-1-e1761664059805.jpeg\" class=\"attachment-full size-full wp-image-2245\" alt=\"\" srcset=\"https:\/\/studioshagsalon.com\/wp-content\/uploads\/2025\/10\/Unknown-1-e1761664059805.jpeg 966w, https:\/\/studioshagsalon.com\/wp-content\/uploads\/2025\/10\/Unknown-1-e1761664059805-300x258.jpeg 300w, https:\/\/studioshagsalon.com\/wp-content\/uploads\/2025\/10\/Unknown-1-e1761664059805-768x661.jpeg 768w, https:\/\/studioshagsalon.com\/wp-content\/uploads\/2025\/10\/Unknown-1-e1761664059805-14x12.jpeg 14w\" sizes=\"(max-width: 966px) 100vw, 966px\" \/>\n                <\/div>\n                \n                <div class=\"elementskit-box-body ekit-image-box-body\">\n                    <div class=\"elementskit-box-content ekit-image-box-body-inner\">\n                                                <h3 class=\"elementskit-info-box-title\">\n\n                        Caroline Smith\n                        \n                    <\/h3>\n                                                            <div class=\"elementskit-box-style-content\">\n                        Con m\u00e1s de cinco a\u00f1os de experiencia en hosteler\u00eda, he aprendido la importancia de la atenci\u00f3n al detalle, la conexi\u00f3n genuina y la creaci\u00f3n de una experiencia positiva. Al final del d\u00eda, mi objetivo es simple: \u00a1ayudarte a amar tu piel y a disfrutar de un momento solo para ti!                    <\/div>\n                                    <\/div>\n\n                                <div class=\"elementskit-box-footer\">\n                    <div class=\"box-footer\">\n                        <div class=\"btn-wraper\">\n                                                            <a href=\"https:\/\/studioshagsalon.simplespa.com\/\" class=\"elementskit-btn whitespace--normal\">\n                                    \n                                    \n                                    Libro Caroline                                <\/a>\n                                                        <\/div>\n                    <\/div>\n                <\/div>\n                            <\/div>\n            <\/div>\n    <\/div>\t\t\t\t<\/div>\n\t\t\t\t<\/div>\n\t\t\t\t<\/div>\n\t\t<div class=\"elementor-element elementor-element-ed40c0a e-con-full e-flex e-con e-child\" data-id=\"ed40c0a\" data-element_type=\"container\" data-e-type=\"container\">\n\t\t\t\t<div class=\"elementor-element elementor-element-463c2ce ekit-equal-height-enable elementor-widget elementor-widget-elementskit-image-box\" data-id=\"463c2ce\" data-element_type=\"widget\" data-e-type=\"widget\" data-widget_type=\"elementskit-image-box.default\">\n\t\t\t\t<div class=\"elementor-widget-container\">\n\t\t\t\t\t<div class=\"ekit-wid-con\" >\n            <div class=\"elementskit-info-image-box ekit-image-box text-left simple-card\" >\n\n                \n                <div class=\"elementskit-box-header image-box-img-left\">\n\n                    <img loading=\"lazy\" decoding=\"async\" width=\"1089\" height=\"921\" src=\"https:\/\/studioshagsalon.com\/wp-content\/uploads\/2025\/02\/5.png\" class=\"attachment-full size-full wp-image-2214\" alt=\"\" srcset=\"https:\/\/studioshagsalon.com\/wp-content\/uploads\/2025\/02\/5.png 1089w, https:\/\/studioshagsalon.com\/wp-content\/uploads\/2025\/02\/5-300x254.png 300w, https:\/\/studioshagsalon.com\/wp-content\/uploads\/2025\/02\/5-1024x866.png 1024w, https:\/\/studioshagsalon.com\/wp-content\/uploads\/2025\/02\/5-768x650.png 768w, https:\/\/studioshagsalon.com\/wp-content\/uploads\/2025\/02\/5-14x12.png 14w\" sizes=\"(max-width: 1089px) 100vw, 1089px\" \/>\n                <\/div>\n                \n                <div class=\"elementskit-box-body ekit-image-box-body\">\n                    <div class=\"elementskit-box-content ekit-image-box-body-inner\">\n                                                <h3 class=\"elementskit-info-box-title\">\n\n                        Jessica Mart\u00ednez\n                        \n                    <\/h3>\n                                                            <div class=\"elementskit-box-style-content\">\n                        Con 26 a\u00f1os de experiencia en la industria del cabello, Jessica es una estilista experimentada y apasionada por ayudar a sus clientes a lograr el cabello de sus sue\u00f1os. Se especializa en transformaciones de cabello y peinados personalizados.                    <\/div>\n                                    <\/div>\n\n                                <div class=\"elementskit-box-footer\">\n                    <div class=\"box-footer\">\n                        <div class=\"btn-wraper\">\n                                                            <a href=\"https:\/\/hair-by-jessica-105639.square.site\/\" class=\"elementskit-btn whitespace--normal\">\n                                    \n                                    \n                                    Reservar Jessica                                <\/a>\n                                                        <\/div>\n                    <\/div>\n                <\/div>\n                            <\/div>\n            <\/div>\n    <\/div>\t\t\t\t<\/div>\n\t\t\t\t<\/div>\n\t\t\t\t<\/div>\n\t\t<div class=\"elementor-element elementor-element-00141b5 e-con-full e-flex e-con e-child\" data-id=\"00141b5\" data-element_type=\"container\" data-e-type=\"container\">\n\t\t\t\t<div class=\"elementor-element elementor-element-3538c0e ekit-equal-height-enable elementor-widget elementor-widget-elementskit-image-box\" data-id=\"3538c0e\" data-element_type=\"widget\" data-e-type=\"widget\" data-widget_type=\"elementskit-image-box.default\">\n\t\t\t\t<div class=\"elementor-widget-container\">\n\t\t\t\t\t<div class=\"ekit-wid-con\" >\n            <div class=\"elementskit-info-image-box ekit-image-box text-left simple-card\" >\n\n                \n                <div class=\"elementskit-box-header image-box-img-left\">\n\n                    <img loading=\"lazy\" decoding=\"async\" width=\"1069\" height=\"923\" src=\"https:\/\/studioshagsalon.com\/wp-content\/uploads\/2025\/02\/6.png\" class=\"attachment-full size-full wp-image-2215\" alt=\"\" srcset=\"https:\/\/studioshagsalon.com\/wp-content\/uploads\/2025\/02\/6.png 1069w, https:\/\/studioshagsalon.com\/wp-content\/uploads\/2025\/02\/6-300x259.png 300w, https:\/\/studioshagsalon.com\/wp-content\/uploads\/2025\/02\/6-1024x884.png 1024w, https:\/\/studioshagsalon.com\/wp-content\/uploads\/2025\/02\/6-768x663.png 768w, https:\/\/studioshagsalon.com\/wp-content\/uploads\/2025\/02\/6-14x12.png 14w\" sizes=\"(max-width: 1069px) 100vw, 1069px\" \/>\n                <\/div>\n                \n                <div class=\"elementskit-box-body ekit-image-box-body\">\n                    <div class=\"elementskit-box-content ekit-image-box-body-inner\">\n                                                <h3 class=\"elementskit-info-box-title\">\n\n                         Lynse Wolterman\n                        \n                    <\/h3>\n                                                            <div class=\"elementskit-box-style-content\">\n                        Originaria de Hope, IN, en las afueras de Columbus, Lynse Wolterman es una estilista apasionada a quien le encanta conocer gente nueva y ayudarlas a sentirse bellas y seguras.                    <\/div>\n                                    <\/div>\n\n                                <div class=\"elementskit-box-footer\">\n                    <div class=\"box-footer\">\n                        <div class=\"btn-wraper\">\n                                                            <a href=\"http:\/\/hairbylynse.square.site\" class=\"elementskit-btn whitespace--normal\">\n                                    \n                                    \n                                    Reservar Lynse                                <\/a>\n                                                        <\/div>\n                    <\/div>\n                <\/div>\n                            <\/div>\n            <\/div>\n    <\/div>\t\t\t\t<\/div>\n\t\t\t\t<\/div>\n\t\t\t\t<\/div>\n\t\t\t\t<\/div>\n\t\t\t\t<\/div>","protected":false},"excerpt":{"rendered":"<p>Book Appointment At Studio Shag Salon &amp; Boutique, Here you can book your appointment, with any of our stylist.\u00a0 Brittnay Gonzalez is the owner of Studio Shag Salon, a certified trainer, and a skilled stylist and esthetician. She brings years of expertise in beauty and education to provide top-tier services to her clients. Book Brittnay [&hellip;]<\/p>\n","protected":false},"author":1,"featured_media":0,"parent":0,"menu_order":0,"comment_status":"closed","ping_status":"closed","template":"elementor_canvas","meta":{"site-sidebar-layout":"no-sidebar","site-content-layout":"page-builder","ast-site-content-layout":"full-width-container","site-content-style":"default","site-sidebar-style":"default","ast-global-header-display":"","ast-banner-title-visibility":"","ast-main-header-display":"","ast-hfb-above-header-display":"","ast-hfb-below-header-display":"","ast-hfb-mobile-header-display":"","site-post-title":"disabled","ast-breadcrumbs-content":"","ast-featured-img":"disabled","footer-sml-layout":"","ast-disable-related-posts":"","theme-transparent-header-meta":"","adv-header-id-meta":"","stick-header-meta":"","header-above-stick-meta":"","header-main-stick-meta":"","header-below-stick-meta":"","astra-migrate-meta-layouts":"set","ast-page-background-enabled":"default","ast-page-background-meta":{"desktop":{"background-color":"","background-image":"","background-repeat":"repeat","background-position":"center center","background-size":"auto","background-attachment":"scroll","background-type":"","background-media":"","overlay-type":"","overlay-color":"","overlay-opacity":"","overlay-gradient":""},"tablet":{"background-color":"","background-image":"","background-repeat":"repeat","background-position":"center center","background-size":"auto","background-attachment":"scroll","background-type":"","background-media":"","overlay-type":"","overlay-color":"","overlay-opacity":"","overlay-gradient":""},"mobile":{"background-color":"","background-image":"","background-repeat":"repeat","background-position":"center center","background-size":"auto","background-attachment":"scroll","background-type":"","background-media":"","overlay-type":"","overlay-color":"","overlay-opacity":"","overlay-gradient":""}},"ast-content-background-meta":{"desktop":{"background-color":"var(--ast-global-color-5)","background-image":"","background-repeat":"repeat","background-position":"center center","background-size":"auto","background-attachment":"scroll","background-type":"","background-media":"","overlay-type":"","overlay-color":"","overlay-opacity":"","overlay-gradient":""},"tablet":{"background-color":"var(--ast-global-color-5)","background-image":"","background-repeat":"repeat","background-position":"center center","background-size":"auto","background-attachment":"scroll","background-type":"","background-media":"","overlay-type":"","overlay-color":"","overlay-opacity":"","overlay-gradient":""},"mobile":{"background-color":"var(--ast-global-color-5)","background-image":"","background-repeat":"repeat","background-position":"center center","background-size":"auto","background-attachment":"scroll","background-type":"","background-media":"","overlay-type":"","overlay-color":"","overlay-opacity":"","overlay-gradient":""}},"footnotes":""},"class_list":["post-1936","page","type-page","status-publish","hentry"],"_links":{"self":[{"href":"https:\/\/studioshagsalon.com\/es\/wp-json\/wp\/v2\/pages\/1936","targetHints":{"allow":["GET"]}}],"collection":[{"href":"https:\/\/studioshagsalon.com\/es\/wp-json\/wp\/v2\/pages"}],"about":[{"href":"https:\/\/studioshagsalon.com\/es\/wp-json\/wp\/v2\/types\/page"}],"author":[{"embeddable":true,"href":"https:\/\/studioshagsalon.com\/es\/wp-json\/wp\/v2\/users\/1"}],"replies":[{"embeddable":true,"href":"https:\/\/studioshagsalon.com\/es\/wp-json\/wp\/v2\/comments?post=1936"}],"version-history":[{"count":40,"href":"https:\/\/studioshagsalon.com\/es\/wp-json\/wp\/v2\/pages\/1936\/revisions"}],"predecessor-version":[{"id":2252,"href":"https:\/\/studioshagsalon.com\/es\/wp-json\/wp\/v2\/pages\/1936\/revisions\/2252"}],"wp:attachment":[{"href":"https:\/\/studioshagsalon.com\/es\/wp-json\/wp\/v2\/media?parent=1936"}],"curies":[{"name":"gracias","href":"https:\/\/api.w.org\/{rel}","templated":true}]}}